{"id":8830,"date":"2018-02-20T11:29:26","date_gmt":"2018-02-20T10:29:26","guid":{"rendered":"https:\/\/zitac.se\/security\/"},"modified":"2024-08-12T10:19:30","modified_gmt":"2024-08-12T08:19:30","slug":"security","status":"publish","type":"page","link":"https:\/\/www.zitac.se\/en\/security\/","title":{"rendered":"IT SECURITY"},"content":{"rendered":"<div id=\"pl-8830\"  class=\"panel-layout\" ><div id=\"pg-8830-0\"  class=\"panel-grid panel-no-style\" ><div id=\"pgc-8830-0-0\"  class=\"panel-grid-cell panel-grid-cell-empty\" ><\/div><\/div><div id=\"pg-8830-1\"  class=\"panel-grid panel-has-style\" ><div class=\"siteorigin-panels-stretch panel-row-style panel-row-style-for-8830-1\" data-stretch-type=\"full\" ><div id=\"pgc-8830-1-0\"  class=\"panel-grid-cell\" ><div id=\"panel-8830-1-0-0\" class=\"so-panel widget widget_sow-editor panel-first-child panel-last-child\" data-index=\"0\" ><div\n\t\t\t\n\t\t\tclass=\"so-widget-sow-editor so-widget-sow-editor-base\"\n\t\t\t\n\t\t>\n<div class=\"siteorigin-widget-tinymce textwidget\">\n\t<p><strong>Security has been a central element of Zitac's offer since the company opened for business in 2003.<\/strong> Over the years, our security services and suppliers have developed in parallel with changes to the world around us; however, there have been a few constants. Our focus on delivering customer value and innovation remains part of our genes and our collaboration with our partners Fortinet and Symantec are as strong as ever.<\/p>\n<p>We are especially proud of our level of product and knowledge certification, which makes us a unique partner resource in Sweden.<\/p>\n<p>&nbsp;<\/p>\n<\/div>\n<\/div><\/div><\/div><div id=\"pgc-8830-1-1\"  class=\"panel-grid-cell\" ><div id=\"panel-8830-1-1-0\" class=\"so-panel widget widget_sow-editor panel-first-child panel-last-child\" data-index=\"1\" ><div\n\t\t\t\n\t\t\tclass=\"so-widget-sow-editor so-widget-sow-editor-base\"\n\t\t\t\n\t\t>\n<div class=\"siteorigin-widget-tinymce textwidget\">\n\t<p>We have now reinforced our team further, with the result that we can offer our customers new types of services, something that is readily apparent in the field of automated security, where we are working in several European countries, and in our SOC-NOC service, where we take holistic responsibility.<\/p>\n<p>Our intention is to be a customer-oriented alternative that identifies flexible, innovative solutions to continuously develop our customers\u2019 IT environments.<\/p>\n<\/div>\n<\/div><\/div><\/div><\/div><\/div><div id=\"pg-8830-2\"  class=\"panel-grid panel-has-style\" ><div class=\"siteorigin-panels-stretch panel-row-style panel-row-style-for-8830-2\" data-stretch-type=\"full\" ><div id=\"pgc-8830-2-0\"  class=\"panel-grid-cell\" ><div id=\"panel-8830-2-0-0\" class=\"so-panel widget widget_zitac-magic-list-widget panel-first-child panel-last-child\" data-index=\"2\" ><div\n\t\t\t\n\t\t\tclass=\"so-widget-zitac-magic-list-widget so-widget-zitac-magic-list-widget-default-d75171398898-8830\"\n\t\t\t\n\t\t><div class=\"zitac-box-main-container\">\n  <p class=\"magic-title\"><\/p>\n  \n  <div class=\"zitac-box-wrapper\">\n            <div class=\"zitac-box-container\" data-box-type=\"Service\">\n          <div class=\"zitac-box-container-content\">\n            <a href=\"https:\/\/www.zitac.se\/en\/service\/vulnerability-scanning\/\">\n              <div class=\"zitac-box-image\" style=\"background-image: url('https:\/\/www.zitac.se\/wp-content\/uploads\/2018\/11\/zitac_wifi_som_tjanst_grey-1024x647.jpg');\">\n                              <\/div>\n            <\/a>\n                          <div class=\"zitac-box-type hidden\">Service<\/div>\n                        <div class=\"zitac-box-content\">\n              <div class=\"zitac-box-content-text\">\n                <p class=\"title\">Vulnerability Scanning<\/p>\n                                  <p>When was the last time you scanned for vulnerabilities?<\/p>\n                              <\/div>\n            <\/div>\n            <div class=\"zitac-box-button\">\n              <a href=\"https:\/\/www.zitac.se\/en\/service\/vulnerability-scanning\/\">\n                Read more              <\/a>\n            <\/div>\n          <\/div>\n        <\/div>\n              <div class=\"zitac-box-container\" data-box-type=\"Service\">\n          <div class=\"zitac-box-container-content\">\n            <a href=\"https:\/\/www.zitac.se\/en\/service\/security-audits\/\">\n              <div class=\"zitac-box-image\" style=\"background-image: url('https:\/\/www.zitac.se\/wp-content\/uploads\/2018\/10\/Zitac_servicedesk_support-1024x647.jpg');\">\n                              <\/div>\n            <\/a>\n                          <div class=\"zitac-box-type hidden\">Service<\/div>\n                        <div class=\"zitac-box-content\">\n              <div class=\"zitac-box-content-text\">\n                <p class=\"title\">Security Audits<\/p>\n                                  <p>Continuous vulnerability identification.<\/p>\n                              <\/div>\n            <\/div>\n            <div class=\"zitac-box-button\">\n              <a href=\"https:\/\/www.zitac.se\/en\/service\/security-audits\/\">\n                Read more              <\/a>\n            <\/div>\n          <\/div>\n        <\/div>\n              <div class=\"zitac-box-container\" data-box-type=\"Service\">\n          <div class=\"zitac-box-container-content\">\n            <a href=\"https:\/\/www.zitac.se\/en\/service\/client-protaction-using-ai\/\">\n              <div class=\"zitac-box-image\" style=\"background-image: url('https:\/\/www.zitac.se\/wp-content\/uploads\/2018\/10\/Zitac_klientskydd_med_AI-1024x647.jpg');\">\n                              <\/div>\n            <\/a>\n                          <div class=\"zitac-box-type hidden\">Service<\/div>\n                        <div class=\"zitac-box-content\">\n              <div class=\"zitac-box-content-text\">\n                <p class=\"title\">Client protection using AI<\/p>\n                                  <p>Prevent, detect and address threats using AI<\/p>\n                              <\/div>\n            <\/div>\n            <div class=\"zitac-box-button\">\n              <a href=\"https:\/\/www.zitac.se\/en\/service\/client-protaction-using-ai\/\">\n                Read more              <\/a>\n            <\/div>\n          <\/div>\n        <\/div>\n              <div class=\"zitac-box-container\" data-box-type=\"Service\">\n          <div class=\"zitac-box-container-content\">\n            <a href=\"https:\/\/www.zitac.se\/en\/service\/zitac-security-fabric\/\">\n              <div class=\"zitac-box-image\" style=\"background-image: url('https:\/\/www.zitac.se\/wp-content\/uploads\/2018\/10\/Zitac_fortinet_security_fabric_grey-1024x647.jpg');\">\n                              <\/div>\n            <\/a>\n                          <div class=\"zitac-box-type hidden\">Service<\/div>\n                        <div class=\"zitac-box-content\">\n              <div class=\"zitac-box-content-text\">\n                <p class=\"title\">Zitac Security Fabric<\/p>\n                                  <p>A complete, modern and innovative cybersecurity solution customised to meet your needs.\r\n\r\n<\/p>\n                              <\/div>\n            <\/div>\n            <div class=\"zitac-box-button\">\n              <a href=\"https:\/\/www.zitac.se\/en\/service\/zitac-security-fabric\/\">\n                Read more              <\/a>\n            <\/div>\n          <\/div>\n        <\/div>\n              <div class=\"zitac-box-container\" data-box-type=\"Service\">\n          <div class=\"zitac-box-container-content\">\n            <a href=\"https:\/\/www.zitac.se\/en\/service\/soc-support\/\">\n              <div class=\"zitac-box-image\" style=\"background-image: url('https:\/\/www.zitac.se\/wp-content\/uploads\/2018\/07\/zitac_soc_noc_siem_grey-1024x486.jpg');\">\n                              <\/div>\n            <\/a>\n                          <div class=\"zitac-box-type hidden\">Service<\/div>\n                        <div class=\"zitac-box-content\">\n              <div class=\"zitac-box-content-text\">\n                <p class=\"title\">24\/7 SOC support<\/p>\n                                  <p>Full security coverage with Zitac Security Operations Center<\/p>\n                              <\/div>\n            <\/div>\n            <div class=\"zitac-box-button\">\n              <a href=\"https:\/\/www.zitac.se\/en\/service\/soc-support\/\">\n                Read more              <\/a>\n            <\/div>\n          <\/div>\n        <\/div>\n              <div class=\"zitac-box-container\" data-box-type=\"Service\">\n          <div class=\"zitac-box-container-content\">\n            <a href=\"https:\/\/www.zitac.se\/en\/service\/secure-access\/\">\n              <div class=\"zitac-box-image\" style=\"background-image: url('https:\/\/www.zitac.se\/wp-content\/uploads\/2018\/07\/zitac_secure_acess_grey-1024x647.jpg');\">\n                              <\/div>\n            <\/a>\n                          <div class=\"zitac-box-type hidden\">Service<\/div>\n                        <div class=\"zitac-box-content\">\n              <div class=\"zitac-box-content-text\">\n                <p class=\"title\">Secure Access<\/p>\n                                  <p>Support all of your employees irrespective of system, device, location or language.<\/p>\n                              <\/div>\n            <\/div>\n            <div class=\"zitac-box-button\">\n              <a href=\"https:\/\/www.zitac.se\/en\/service\/secure-access\/\">\n                Read more              <\/a>\n            <\/div>\n          <\/div>\n        <\/div>\n        <\/div>\n  <\/div><\/div><\/div><\/div><\/div><\/div><div id=\"pg-8830-3\"  class=\"panel-grid panel-has-style\" ><div class=\"siteorigin-panels-stretch panel-row-style panel-row-style-for-8830-3\" data-stretch-type=\"full\" ><div id=\"pgc-8830-3-0\"  class=\"panel-grid-cell\" ><div id=\"panel-8830-3-0-0\" class=\"so-panel widget widget_zitac-magic-list-widget panel-first-child panel-last-child\" data-index=\"3\" ><div\n\t\t\t\n\t\t\tclass=\"so-widget-zitac-magic-list-widget so-widget-zitac-magic-list-widget-blogglist-shadow-d75171398898-8826\"\n\t\t\t\n\t\t><div class=\"zitac-box-main-container\">\n  <p class=\"magic-title\">Security partners<\/p>\n  \n  <div class=\"zitac-box-wrapper\">\n            <div class=\"zitac-box-container\" data-box-type=\"Partner\">\n          <div class=\"zitac-box-container-content\">\n            <a href=\"https:\/\/www.zitac.se\/en\/partner\/sentinelone\/\">\n              <div class=\"zitac-box-image\" style=\"background-image: url('https:\/\/www.zitac.se\/wp-content\/uploads\/2018\/10\/Sentinelone_logo-1.jpg');\">\n              <\/div>\n            <\/a>\n                          <div class=\"zitac-box-type hidden\">Partner<\/div>\n                        <div class=\"zitac-box-content\">\n              <div class=\"zitac-box-content-text\">\n                                <p class=\"title\">Sentinelone<\/p>\n                                  <p>We have chosen SentinelOne as our supplier to protect your computers from threats.<\/p>\n                              <\/div>\n            <\/div>\n            <div class=\"zitac-box-button\">\n              <a href=\"https:\/\/www.zitac.se\/en\/partner\/sentinelone\/\">\n                Read more              <\/a>\n            <\/div>\n          <\/div>\n        <\/div>\n            <div class=\"zitac-box-container\" data-box-type=\"Partner\">\n          <div class=\"zitac-box-container-content\">\n            <a href=\"https:\/\/www.zitac.se\/en\/partner\/microsoft\/\">\n              <div class=\"zitac-box-image\" style=\"background-image: url('https:\/\/www.zitac.se\/wp-content\/uploads\/2020\/06\/microsoftsolutionspartner.png');\">\n              <\/div>\n            <\/a>\n                          <div class=\"zitac-box-type hidden\">Partner<\/div>\n                        <div class=\"zitac-box-content\">\n              <div class=\"zitac-box-content-text\">\n                                <p class=\"title\">Microsoft<\/p>\n                                  <p>Zitac is a Microsoft Solutions Partner with designations in Modern Work and Security. We help organizations boost productivity, enhance communication, and strengthen security with Microsoft solutions.<\/p>\n                              <\/div>\n            <\/div>\n            <div class=\"zitac-box-button\">\n              <a href=\"https:\/\/www.zitac.se\/en\/partner\/microsoft\/\">\n                Read more              <\/a>\n            <\/div>\n          <\/div>\n        <\/div>\n            <div class=\"zitac-box-container\" data-box-type=\"Partner\">\n          <div class=\"zitac-box-container-content\">\n            <a href=\"https:\/\/www.zitac.se\/partner\/fortinet\/\">\n              <div class=\"zitac-box-image\" style=\"background-image: url('https:\/\/www.zitac.se\/wp-content\/uploads\/2018\/10\/fortinet_logo.png');\">\n              <\/div>\n            <\/a>\n                          <div class=\"zitac-box-type hidden\">Partner<\/div>\n                        <div class=\"zitac-box-content\">\n              <div class=\"zitac-box-content-text\">\n                                <p class=\"title\">Fortinet<\/p>\n                                  <p>Zitac anv\u00e4nder Fortinets produkter f\u00f6r att bygga kvalitativa, skalbara och kundanpassade s\u00e4kerhetsl\u00f6sningar . Vi har certifierade konsulter p\u00e5 Fortinets produkter med h\u00f6gsta certifieringsniv\u00e5n NSE8.<\/p>\n                              <\/div>\n            <\/div>\n            <div class=\"zitac-box-button\">\n              <a href=\"https:\/\/www.zitac.se\/partner\/fortinet\/\">\n                Read more              <\/a>\n            <\/div>\n          <\/div>\n        <\/div>\n      <\/div>\n  <\/div><\/div><\/div><\/div><\/div><\/div><\/div>","protected":false},"excerpt":{"rendered":"<p>Since the start in 2003, IT Security has been a large part of our total offer at Zitac. Sprung from a genuine interest in cyber security, global trends and changes in the digital landscape combined with the possibilities of technology, today we can proudly offer cutting-edge expertise from some of Sweden&#8217;s sharpest security experts.<\/p>\n","protected":false},"author":16,"featured_media":15567,"parent":0,"menu_order":0,"comment_status":"closed","ping_status":"closed","template":"","meta":{"footnotes":""},"class_list":["post-8830","page","type-page","status-publish","has-post-thumbnail","hentry"],"yoast_head":"<!-- This site is optimized with the Yoast SEO Premium plugin v25.8 (Yoast SEO v25.8) - https:\/\/yoast.com\/wordpress\/plugins\/seo\/ -->\n<title>IT SECURITY &#8212; Zitac Consulting AB<\/title>\n<meta name=\"description\" content=\"Since the start in 2003, IT Security has been a large part of our total offer at Zitac. Sprung from a genuine interest in cyber security, global trends and changes in the digital landscape combined with the possibilities of technology, today we can proudly offer cutting-edge expertise from some of Sweden&#039;s sharpest security experts.\" \/>\n<meta name=\"robots\" content=\"index, follow, max-snippet:-1, max-image-preview:large, max-video-preview:-1\" \/>\n<link rel=\"canonical\" href=\"https:\/\/www.zitac.se\/en\/security\/\" \/>\n<meta property=\"og:locale\" content=\"en_US\" \/>\n<meta property=\"og:type\" content=\"article\" \/>\n<meta property=\"og:title\" content=\"IT SECURITY\" \/>\n<meta property=\"og:description\" content=\"Since the start in 2003, IT Security has been a large part of our total offer at Zitac. Sprung from a genuine interest in cyber security, global trends and changes in the digital landscape combined with the possibilities of technology, today we can proudly offer cutting-edge expertise from some of Sweden&#039;s sharpest security experts.\" \/>\n<meta property=\"og:url\" content=\"https:\/\/www.zitac.se\/en\/security\/\" \/>\n<meta property=\"og:site_name\" content=\"Zitac Consulting AB\" \/>\n<meta property=\"article:modified_time\" content=\"2024-08-12T08:19:30+00:00\" \/>\n<meta property=\"og:image\" content=\"https:\/\/www.zitac.se\/wp-content\/uploads\/2018\/10\/support_tangentbord.jpg\" \/>\n\t<meta property=\"og:image:width\" content=\"1920\" \/>\n\t<meta property=\"og:image:height\" content=\"1280\" \/>\n\t<meta property=\"og:image:type\" content=\"image\/jpeg\" \/>\n<meta name=\"twitter:card\" content=\"summary_large_image\" \/>\n<meta name=\"twitter:label1\" content=\"Est. reading time\" \/>\n\t<meta name=\"twitter:data1\" content=\"2 minutes\" \/>\n<script type=\"application\/ld+json\" class=\"yoast-schema-graph\">{\"@context\":\"https:\/\/schema.org\",\"@graph\":[{\"@type\":\"WebPage\",\"@id\":\"https:\/\/www.zitac.se\/en\/security\/\",\"url\":\"https:\/\/www.zitac.se\/en\/security\/\",\"name\":\"IT SECURITY &#8212; Zitac Consulting AB\",\"isPartOf\":{\"@id\":\"https:\/\/www.zitac.se\/#website\"},\"primaryImageOfPage\":{\"@id\":\"https:\/\/www.zitac.se\/en\/security\/#primaryimage\"},\"image\":{\"@id\":\"https:\/\/www.zitac.se\/en\/security\/#primaryimage\"},\"thumbnailUrl\":\"https:\/\/www.zitac.se\/wp-content\/uploads\/2018\/10\/support_tangentbord.jpg\",\"datePublished\":\"2018-02-20T10:29:26+00:00\",\"dateModified\":\"2024-08-12T08:19:30+00:00\",\"description\":\"Since the start in 2003, IT Security has been a large part of our total offer at Zitac. Sprung from a genuine interest in cyber security, global trends and changes in the digital landscape combined with the possibilities of technology, today we can proudly offer cutting-edge expertise from some of Sweden's sharpest security experts.\",\"breadcrumb\":{\"@id\":\"https:\/\/www.zitac.se\/en\/security\/#breadcrumb\"},\"inLanguage\":\"en-US\",\"potentialAction\":[{\"@type\":\"ReadAction\",\"target\":[\"https:\/\/www.zitac.se\/en\/security\/\"]}]},{\"@type\":\"ImageObject\",\"inLanguage\":\"en-US\",\"@id\":\"https:\/\/www.zitac.se\/en\/security\/#primaryimage\",\"url\":\"https:\/\/www.zitac.se\/wp-content\/uploads\/2018\/10\/support_tangentbord.jpg\",\"contentUrl\":\"https:\/\/www.zitac.se\/wp-content\/uploads\/2018\/10\/support_tangentbord.jpg\",\"width\":1920,\"height\":1280,\"caption\":\"support\"},{\"@type\":\"BreadcrumbList\",\"@id\":\"https:\/\/www.zitac.se\/en\/security\/#breadcrumb\",\"itemListElement\":[{\"@type\":\"ListItem\",\"position\":1,\"name\":\"Home\",\"item\":\"https:\/\/www.zitac.se\/en\/\"},{\"@type\":\"ListItem\",\"position\":2,\"name\":\"IT SECURITY\"}]},{\"@type\":\"WebSite\",\"@id\":\"https:\/\/www.zitac.se\/#website\",\"url\":\"https:\/\/www.zitac.se\/\",\"name\":\"Zitac Consulting AB\",\"description\":\"Zitac \u2014 Avancerad IT i framkant\",\"publisher\":{\"@id\":\"https:\/\/www.zitac.se\/#organization\"},\"potentialAction\":[{\"@type\":\"SearchAction\",\"target\":{\"@type\":\"EntryPoint\",\"urlTemplate\":\"https:\/\/www.zitac.se\/?s={search_term_string}\"},\"query-input\":{\"@type\":\"PropertyValueSpecification\",\"valueRequired\":true,\"valueName\":\"search_term_string\"}}],\"inLanguage\":\"en-US\"},{\"@type\":\"Organization\",\"@id\":\"https:\/\/www.zitac.se\/#organization\",\"name\":\"Zitac Consulting\",\"url\":\"https:\/\/www.zitac.se\/\",\"logo\":{\"@type\":\"ImageObject\",\"inLanguage\":\"en-US\",\"@id\":\"https:\/\/www.zitac.se\/#\/schema\/logo\/image\/\",\"url\":\"https:\/\/www.zitac.se\/wp-content\/uploads\/2018\/06\/zitac_pantone7461.png\",\"contentUrl\":\"https:\/\/www.zitac.se\/wp-content\/uploads\/2018\/06\/zitac_pantone7461.png\",\"width\":1664,\"height\":767,\"caption\":\"Zitac Consulting\"},\"image\":{\"@id\":\"https:\/\/www.zitac.se\/#\/schema\/logo\/image\/\"},\"sameAs\":[\"https:\/\/www.instagram.com\/zitacconsulting\/\",\"https:\/\/www.linkedin.com\/company\/zitacconsulting\"]}]}<\/script>\n<!-- \/ Yoast SEO Premium plugin. -->","yoast_head_json":{"title":"IT SECURITY &#8212; Zitac Consulting AB","description":"Since the start in 2003, IT Security has been a large part of our total offer at Zitac. Sprung from a genuine interest in cyber security, global trends and changes in the digital landscape combined with the possibilities of technology, today we can proudly offer cutting-edge expertise from some of Sweden's sharpest security experts.","robots":{"index":"index","follow":"follow","max-snippet":"max-snippet:-1","max-image-preview":"max-image-preview:large","max-video-preview":"max-video-preview:-1"},"canonical":"https:\/\/www.zitac.se\/en\/security\/","og_locale":"en_US","og_type":"article","og_title":"IT SECURITY","og_description":"Since the start in 2003, IT Security has been a large part of our total offer at Zitac. Sprung from a genuine interest in cyber security, global trends and changes in the digital landscape combined with the possibilities of technology, today we can proudly offer cutting-edge expertise from some of Sweden's sharpest security experts.","og_url":"https:\/\/www.zitac.se\/en\/security\/","og_site_name":"Zitac Consulting AB","article_modified_time":"2024-08-12T08:19:30+00:00","og_image":[{"width":1920,"height":1280,"url":"https:\/\/www.zitac.se\/wp-content\/uploads\/2018\/10\/support_tangentbord.jpg","type":"image\/jpeg"}],"twitter_card":"summary_large_image","twitter_misc":{"Est. reading time":"2 minutes"},"schema":{"@context":"https:\/\/schema.org","@graph":[{"@type":"WebPage","@id":"https:\/\/www.zitac.se\/en\/security\/","url":"https:\/\/www.zitac.se\/en\/security\/","name":"IT SECURITY &#8212; Zitac Consulting AB","isPartOf":{"@id":"https:\/\/www.zitac.se\/#website"},"primaryImageOfPage":{"@id":"https:\/\/www.zitac.se\/en\/security\/#primaryimage"},"image":{"@id":"https:\/\/www.zitac.se\/en\/security\/#primaryimage"},"thumbnailUrl":"https:\/\/www.zitac.se\/wp-content\/uploads\/2018\/10\/support_tangentbord.jpg","datePublished":"2018-02-20T10:29:26+00:00","dateModified":"2024-08-12T08:19:30+00:00","description":"Since the start in 2003, IT Security has been a large part of our total offer at Zitac. Sprung from a genuine interest in cyber security, global trends and changes in the digital landscape combined with the possibilities of technology, today we can proudly offer cutting-edge expertise from some of Sweden's sharpest security experts.","breadcrumb":{"@id":"https:\/\/www.zitac.se\/en\/security\/#breadcrumb"},"inLanguage":"en-US","potentialAction":[{"@type":"ReadAction","target":["https:\/\/www.zitac.se\/en\/security\/"]}]},{"@type":"ImageObject","inLanguage":"en-US","@id":"https:\/\/www.zitac.se\/en\/security\/#primaryimage","url":"https:\/\/www.zitac.se\/wp-content\/uploads\/2018\/10\/support_tangentbord.jpg","contentUrl":"https:\/\/www.zitac.se\/wp-content\/uploads\/2018\/10\/support_tangentbord.jpg","width":1920,"height":1280,"caption":"support"},{"@type":"BreadcrumbList","@id":"https:\/\/www.zitac.se\/en\/security\/#breadcrumb","itemListElement":[{"@type":"ListItem","position":1,"name":"Home","item":"https:\/\/www.zitac.se\/en\/"},{"@type":"ListItem","position":2,"name":"IT SECURITY"}]},{"@type":"WebSite","@id":"https:\/\/www.zitac.se\/#website","url":"https:\/\/www.zitac.se\/","name":"Zitac Consulting AB","description":"Zitac \u2014 Avancerad IT i framkant","publisher":{"@id":"https:\/\/www.zitac.se\/#organization"},"potentialAction":[{"@type":"SearchAction","target":{"@type":"EntryPoint","urlTemplate":"https:\/\/www.zitac.se\/?s={search_term_string}"},"query-input":{"@type":"PropertyValueSpecification","valueRequired":true,"valueName":"search_term_string"}}],"inLanguage":"en-US"},{"@type":"Organization","@id":"https:\/\/www.zitac.se\/#organization","name":"Zitac Consulting","url":"https:\/\/www.zitac.se\/","logo":{"@type":"ImageObject","inLanguage":"en-US","@id":"https:\/\/www.zitac.se\/#\/schema\/logo\/image\/","url":"https:\/\/www.zitac.se\/wp-content\/uploads\/2018\/06\/zitac_pantone7461.png","contentUrl":"https:\/\/www.zitac.se\/wp-content\/uploads\/2018\/06\/zitac_pantone7461.png","width":1664,"height":767,"caption":"Zitac Consulting"},"image":{"@id":"https:\/\/www.zitac.se\/#\/schema\/logo\/image\/"},"sameAs":["https:\/\/www.instagram.com\/zitacconsulting\/","https:\/\/www.linkedin.com\/company\/zitacconsulting"]}]}},"_links":{"self":[{"href":"https:\/\/www.zitac.se\/en\/wp-json\/wp\/v2\/pages\/8830","targetHints":{"allow":["GET"]}}],"collection":[{"href":"https:\/\/www.zitac.se\/en\/wp-json\/wp\/v2\/pages"}],"about":[{"href":"https:\/\/www.zitac.se\/en\/wp-json\/wp\/v2\/types\/page"}],"author":[{"embeddable":true,"href":"https:\/\/www.zitac.se\/en\/wp-json\/wp\/v2\/users\/16"}],"replies":[{"embeddable":true,"href":"https:\/\/www.zitac.se\/en\/wp-json\/wp\/v2\/comments?post=8830"}],"version-history":[{"count":0,"href":"https:\/\/www.zitac.se\/en\/wp-json\/wp\/v2\/pages\/8830\/revisions"}],"wp:featuredmedia":[{"embeddable":true,"href":"https:\/\/www.zitac.se\/en\/wp-json\/wp\/v2\/media\/15567"}],"wp:attachment":[{"href":"https:\/\/www.zitac.se\/en\/wp-json\/wp\/v2\/media?parent=8830"}],"curies":[{"name":"wp","href":"https:\/\/api.w.org\/{rel}","templated":true}]}}