{"id":8566,"date":"2022-11-21T15:25:06","date_gmt":"2022-11-21T14:25:06","guid":{"rendered":"https:\/\/zitac.se\/?page_id=8566"},"modified":"2022-11-25T14:56:37","modified_gmt":"2022-11-25T13:56:37","slug":"customer-cases","status":"publish","type":"page","link":"https:\/\/www.zitac.se\/en\/customer-cases\/","title":{"rendered":"Customer Cases"},"content":{"rendered":"<div id=\"pl-8566\"  class=\"panel-layout\" ><div id=\"pg-8566-0\"  class=\"panel-grid panel-no-style\" ><div id=\"pgc-8566-0-0\"  class=\"panel-grid-cell\" ><div id=\"panel-8566-0-0-0\" class=\"so-panel widget widget_sow-editor panel-first-child panel-last-child\" data-index=\"0\" ><div\n\t\t\t\n\t\t\tclass=\"so-widget-sow-editor so-widget-sow-editor-base\"\n\t\t\t\n\t\t>\n<div class=\"siteorigin-widget-tinymce textwidget\">\n\t<\/div>\n<\/div><\/div><\/div><\/div><div id=\"pg-8566-1\"  class=\"panel-grid panel-has-style\" ><div class=\"panel-row-style panel-row-style-for-8566-1\" ><div id=\"pgc-8566-1-0\"  class=\"panel-grid-cell\" ><div id=\"panel-8566-1-0-0\" class=\"so-panel widget widget_zitac-magic-list-widget panel-first-child panel-last-child\" data-index=\"1\" ><div\n\t\t\t\n\t\t\tclass=\"so-widget-zitac-magic-list-widget so-widget-zitac-magic-list-widget-blogglist-shadow-d75171398898-8566\"\n\t\t\t\n\t\t><div class=\"zitac-box-main-container\">\n  <p class=\"magic-title\"><\/p>\n  \n  <div class=\"zitac-box-wrapper\">\n            <div class=\"zitac-box-container\" data-box-type=\"Security\">\n          <div class=\"zitac-box-container-content\">\n            <a href=\"https:\/\/www.zitac.se\/en\/customer-case\/thomas-concrete-group-invest-in-secure-it-infrastructure\/\">\n              <div class=\"zitac-box-image\" style=\"background-image: url('https:\/\/www.zitac.se\/wp-content\/uploads\/2022\/10\/Thomasbetong.png');\">\n              <\/div>\n            <\/a>\n                          <div class=\"zitac-box-type \">Security<\/div>\n                        <div class=\"zitac-box-content\">\n              <div class=\"zitac-box-content-text\">\n                                <p class=\"title\">Thomas Concrete Group invest in secure IT infrastructure<\/p>\n                                  <p>Thomas Concrete Group produces and distributes high-quality ready-mixed concrete to both commercial and private customers in the construction industry. In an industry that you might not associate with IT and technology, Thomas Concrete Group is at the forefront, with major investments in digitization.<\/p>\n                              <\/div>\n            <\/div>\n            <div class=\"zitac-box-button\">\n              <a href=\"https:\/\/www.zitac.se\/en\/customer-case\/thomas-concrete-group-invest-in-secure-it-infrastructure\/\">\n                Read more              <\/a>\n            <\/div>\n          <\/div>\n        <\/div>\n            <div class=\"zitac-box-container\" data-box-type=\"IT Automation\">\n          <div class=\"zitac-box-container-content\">\n            <a href=\"https:\/\/www.zitac.se\/en\/customer-case\/capio-invest-in-enterprise-service-management\/\">\n              <div class=\"zitac-box-image\" style=\"background-image: url('https:\/\/www.zitac.se\/wp-content\/uploads\/2022\/02\/Capio-kundcase-thumbnail.png');\">\n              <\/div>\n            <\/a>\n                          <div class=\"zitac-box-type \">IT Automation<\/div>\n                        <div class=\"zitac-box-content\">\n              <div class=\"zitac-box-content-text\">\n                                <p class=\"title\">Capio invest in Enterprise Service Management<\/p>\n                                  <p>The investment in ESM has provided enormous scaling opportunities in a short time. With the support of Zitac, Capio has implemented Ivanti's Enterprise Service Management solution and replaced previous local systems. This was done to create a more unified IT environment and extend the solution to be used in multiple areas of the business.<\/p>\n                              <\/div>\n            <\/div>\n            <div class=\"zitac-box-button\">\n              <a href=\"https:\/\/www.zitac.se\/en\/customer-case\/capio-invest-in-enterprise-service-management\/\">\n                Read more              <\/a>\n            <\/div>\n          <\/div>\n        <\/div>\n      <\/div>\n  <\/div><\/div><\/div><\/div><\/div><\/div><div id=\"pg-8566-2\"  class=\"panel-grid panel-has-style\" ><div class=\"siteorigin-panels-stretch hide-mobile hide-tablet hide-desktop panel-row-style panel-row-style-for-8566-2\" data-stretch-type=\"full\" ><div id=\"pgc-8566-2-0\"  class=\"panel-grid-cell\" ><div id=\"panel-8566-2-0-0\" class=\"so-panel widget widget_sow-editor panel-first-child panel-last-child\" data-index=\"2\" ><div\n\t\t\t\n\t\t\tclass=\"so-widget-sow-editor so-widget-sow-editor-base\"\n\t\t\t\n\t\t>\n<div class=\"siteorigin-widget-tinymce textwidget\">\n\t<p><span class=\"blue-text\" style=\"color: #ffffff;\">Kundcase<\/span><\/p>\n<h2><span style=\"color: #ffffff;\">Capio satsar p\u00e5 Enterprise Service Management<\/span><\/h2>\n<p><span style=\"color: #ffffff;\">\"<em>Zitac har hj\u00e4lpt oss med en effektiv och enhetlig Enterprise Service Management l\u00f6sning<\/em>\"<br \/>\nJack Langgaard, Service Desk Manager, Capio<\/span><br \/>\n<a href=\"https:\/\/zitac.se\/kundcase\/capio-satsar-pa-enterprise-service-management\/\">L\u00e4s hela kundcaset<\/a><\/p>\n<\/div>\n<\/div><\/div><\/div><div id=\"pgc-8566-2-1\"  class=\"panel-grid-cell\" ><div id=\"panel-8566-2-1-0\" class=\"so-panel widget widget_zitac-image-widget panel-first-child panel-last-child\" data-index=\"3\" ><div class=\"panel-widget-style panel-widget-style-for-8566-2-1-0\" ><div\n\t\t\t\n\t\t\tclass=\"so-widget-zitac-image-widget so-widget-zitac-image-widget-styles-d75171398898-16099\"\n\t\t\t\n\t\t><div class=\"zitac-image-conatiner\">\n    <div class=\"zitac-box-type\">Capio<\/div>\n    <img loading=\"lazy\" decoding=\"async\" width=\"1024\" height=\"682\" src=\"https:\/\/www.zitac.se\/wp-content\/uploads\/2018\/10\/Capiokundcase.png\" class=\"attachment-full size-full\" alt=\"\" srcset=\"https:\/\/www.zitac.se\/wp-content\/uploads\/2018\/10\/Capiokundcase.png 1024w, https:\/\/www.zitac.se\/wp-content\/uploads\/2018\/10\/Capiokundcase-300x200.png 300w, https:\/\/www.zitac.se\/wp-content\/uploads\/2018\/10\/Capiokundcase-768x512.png 768w, https:\/\/www.zitac.se\/wp-content\/uploads\/2018\/10\/Capiokundcase-272x182.png 272w\" sizes=\"auto, (max-width: 1024px) 100vw, 1024px\" \/><\/div>\n<\/div><\/div><\/div><\/div><\/div><\/div><div id=\"pg-8566-3\"  class=\"panel-grid panel-has-style\" ><div class=\"hide-mobile hide-tablet hide-desktop panel-row-style panel-row-style-for-8566-3\" ><div id=\"pgc-8566-3-0\"  class=\"panel-grid-cell\" ><div id=\"panel-8566-3-0-0\" class=\"so-panel widget widget_zitac-magic-list-widget panel-first-child panel-last-child\" data-index=\"4\" ><div\n\t\t\t\n\t\t\tclass=\"so-widget-zitac-magic-list-widget so-widget-zitac-magic-list-widget-blogglist-shadow-d75171398898-16099\"\n\t\t\t\n\t\t><div class=\"zitac-box-main-container\">\n  <p class=\"magic-title\"><\/p>\n  \n  <div class=\"zitac-box-wrapper\">\n            <div class=\"zitac-box-container\" data-box-type=\"IT S\u00e4kerhet\">\n          <div class=\"zitac-box-container-content\">\n            <a href=\"https:\/\/www.zitac.se\/kundcase\/zitac-starker-it-sakerheten-hos-skyddat-foretag\/\">\n              <div class=\"zitac-box-image\" style=\"background-image: url('https:\/\/www.zitac.se\/wp-content\/uploads\/2022\/05\/bild-1024x576.png');\">\n              <\/div>\n            <\/a>\n                          <div class=\"zitac-box-type \">IT S\u00e4kerhet<\/div>\n                        <div class=\"zitac-box-content\">\n              <div class=\"zitac-box-content-text\">\n                                <p class=\"title\">Zitac st\u00e4rker IT s\u00e4kerheten hos skyddat f\u00f6retag<\/p>\n                                  <p>Med v\u00e5r spetskompetens p\u00e5 Zitac f\u00e5r vi ibland m\u00f6jligheten att arbeta med uppdrag som \u00e4r av samh\u00e4llsviktig karakt\u00e4r och s\u00e4kerhetsklassade. Vi \u00e4r otroligt stolta och glada att bli vald som partner f\u00f6r dessa uppdrag och vill g\u00e4rna ber\u00e4tta mer om projekten \u00e4ven om vi \u00e4r begr\u00e4nsade till att h\u00e5lla v\u00e5r kund anonym.<\/p>\n                              <\/div>\n            <\/div>\n            <div class=\"zitac-box-button\">\n              <a href=\"https:\/\/www.zitac.se\/kundcase\/zitac-starker-it-sakerheten-hos-skyddat-foretag\/\">\n                Read more              <\/a>\n            <\/div>\n          <\/div>\n        <\/div>\n            <div class=\"zitac-box-container\" data-box-type=\"Unified Endpoint Mangagement\">\n          <div class=\"zitac-box-container-content\">\n            <a href=\"https:\/\/www.zitac.se\/kundcase\/svenska_massan_gothia_towers_ivanti\/\">\n              <div class=\"zitac-box-image\" style=\"background-image: url('https:\/\/www.zitac.se\/wp-content\/uploads\/2019\/10\/Tre-Torn-1024x653.jpg');\">\n              <\/div>\n            <\/a>\n                          <div class=\"zitac-box-type \">Unified Endpoint Mangagement<\/div>\n                        <div class=\"zitac-box-content\">\n              <div class=\"zitac-box-content-text\">\n                                <p class=\"title\">Svenska M\u00e4ssan Gothia Towers v\u00e4ljer Ivanti och Zitac<\/p>\n                                  <p>Svenska M\u00e4ssan Gothia Towers g\u00e5r fr\u00e5n Microsoft SCCM och v\u00e4ljer att ta n\u00e4sta steg inom klienthantering.<\/p>\n                              <\/div>\n            <\/div>\n            <div class=\"zitac-box-button\">\n              <a href=\"https:\/\/www.zitac.se\/kundcase\/svenska_massan_gothia_towers_ivanti\/\">\n                Read more              <\/a>\n            <\/div>\n          <\/div>\n        <\/div>\n            <div class=\"zitac-box-container\" data-box-type=\"BeyondTrust\">\n          <div class=\"zitac-box-container-content\">\n            <a href=\"https:\/\/www.zitac.se\/kundcase\/verksamhetkritisk-remote-support-for-butiker\/\">\n              <div class=\"zitac-box-image\" style=\"background-image: url('https:\/\/www.zitac.se\/wp-content\/uploads\/2018\/09\/zitac-office-10-1024x719.jpg');\">\n              <\/div>\n            <\/a>\n                          <div class=\"zitac-box-type \">BeyondTrust<\/div>\n                        <div class=\"zitac-box-content\">\n              <div class=\"zitac-box-content-text\">\n                                <p class=\"title\">Effektiv Remote Support f\u00f6r butiker<\/p>\n                                  <p>L\u00e4s mer om hur BeyondTrust (f\u00f6re detta Bomgar) hj\u00e4lpte en butikskedja att lyfta.<\/p>\n                              <\/div>\n            <\/div>\n            <div class=\"zitac-box-button\">\n              <a href=\"https:\/\/www.zitac.se\/kundcase\/verksamhetkritisk-remote-support-for-butiker\/\">\n                Read more              <\/a>\n            <\/div>\n          <\/div>\n        <\/div>\n            <div class=\"zitac-box-container\" data-box-type=\"IT S\u00e4kerhet\">\n          <div class=\"zitac-box-container-content\">\n            <a href=\"https:\/\/www.zitac.se\/kundcase\/fortinet-friskis\/\">\n              <div class=\"zitac-box-image\" style=\"background-image: url('https:\/\/www.zitac.se\/wp-content\/uploads\/2018\/10\/friskis.gif');\">\n              <\/div>\n            <\/a>\n                          <div class=\"zitac-box-type \">IT S\u00e4kerhet<\/div>\n                        <div class=\"zitac-box-content\">\n              <div class=\"zitac-box-content-text\">\n                                <p class=\"title\">Helt\u00e4ckande s\u00e4kerhetsl\u00f6sning f\u00f6r Friskis och Svettis<\/p>\n                                  <p>Med hj\u00e4lp av Fortinetsprodukter har vi levererat en helhetsl\u00f6sning f\u00f6r v\u00e5r kund Friskis & Svettis. <\/p>\n                              <\/div>\n            <\/div>\n            <div class=\"zitac-box-button\">\n              <a href=\"https:\/\/www.zitac.se\/kundcase\/fortinet-friskis\/\">\n                Read more              <\/a>\n            <\/div>\n          <\/div>\n        <\/div>\n            <div class=\"zitac-box-container\" data-box-type=\"Digitalisering &amp;amp; Automation\">\n          <div class=\"zitac-box-container-content\">\n            <a href=\"https:\/\/www.zitac.se\/kundcase\/ljusdals-kommun-levererar-it-tjanster-med-onify\/\">\n              <div class=\"zitac-box-image\" style=\"background-image: url('https:\/\/www.zitac.se\/wp-content\/uploads\/2018\/10\/ljusdal-it-tj\u00e4nster-1024x614.jpg');\">\n              <\/div>\n            <\/a>\n                          <div class=\"zitac-box-type \">Digitalisering &amp; Automation<\/div>\n                        <div class=\"zitac-box-content\">\n              <div class=\"zitac-box-content-text\">\n                                <p class=\"title\">Ljusdals Kommun Levererar IT tj\u00e4nster med Onify<\/p>\n                                  <p>Ljusdals kommun levererar IT-tj\u00e4nster med Onify som ServicePortal. <\/p>\n                              <\/div>\n            <\/div>\n            <div class=\"zitac-box-button\">\n              <a href=\"https:\/\/www.zitac.se\/kundcase\/ljusdals-kommun-levererar-it-tjanster-med-onify\/\">\n                Read more              <\/a>\n            <\/div>\n          <\/div>\n        <\/div>\n      <\/div>\n  <\/div><\/div><\/div><\/div><\/div><\/div><div id=\"pg-8566-4\"  class=\"panel-grid panel-has-style\" ><div class=\"siteorigin-panels-stretch panel-row-style panel-row-style-for-8566-4\" data-stretch-type=\"full\" ><div id=\"pgc-8566-4-0\"  class=\"panel-grid-cell\" ><div id=\"panel-8566-4-0-0\" class=\"so-panel widget widget_sow-editor panel-first-child panel-last-child\" data-index=\"5\" ><div\n\t\t\t\n\t\t\tclass=\"so-widget-sow-editor so-widget-sow-editor-base\"\n\t\t\t\n\t\t>\n<div class=\"siteorigin-widget-tinymce textwidget\">\n\t<h2 style=\"color: #fff;\">Contact us. We are happy to hear from you!<br \/>\n<\/h2>\n<p style=\"color: #fff;\">Do you want to know more about our services and how we can help you? Fill out the form and we will contact you shortly. Or call us +46-31-709 61 90<\/p>\n<p><a href=\"https:\/\/zitac.se\/11256-2\/\">Here you will find more contactdetails<\/a><\/p>\n<\/div>\n<\/div><\/div><\/div><div id=\"pgc-8566-4-1\"  class=\"panel-grid-cell\" ><div id=\"panel-8566-4-1-0\" class=\"widget_text so-panel widget widget_custom_html panel-first-child panel-last-child\" data-index=\"6\" ><div id=\"form\" class=\"widget_text panel-widget-style panel-widget-style-for-8566-4-1-0\" ><div class=\"textwidget custom-html-widget\"><iframe id=\"form\" src=\"https:\/\/pages.upsales.com\/3852u33d9d6f7430944e49a4de9d02987f5d1-frame\"\nwidth=\"100%\" \t\t\nheight=\"500\" \t\t\nstyle=\"border:0\"><\/iframe><\/div><\/div><\/div><\/div><\/div><\/div><\/div>","protected":false},"excerpt":{"rendered":"<p>Security Thomas Concrete Group invest in secure IT infrastructure Thomas Concrete Group produces and distributes high-quality ready-mixed concrete to both commercial and private customers in the construction industry. In an industry that you might not associate with IT and technology, Thomas Concrete Group is at the forefront, with major investments in digitization. Read more IT [&hellip;]<\/p>\n","protected":false},"author":16,"featured_media":0,"parent":0,"menu_order":0,"comment_status":"closed","ping_status":"closed","template":"","meta":{"footnotes":""},"class_list":["post-8566","page","type-page","status-publish","hentry"],"yoast_head":"<!-- This site is optimized with the Yoast SEO Premium plugin v25.8 (Yoast SEO v25.8) - https:\/\/yoast.com\/wordpress\/plugins\/seo\/ -->\n<title>Customer Cases &#8212; Zitac Consulting AB<\/title>\n<meta name=\"robots\" content=\"index, follow, max-snippet:-1, max-image-preview:large, max-video-preview:-1\" \/>\n<link rel=\"canonical\" href=\"https:\/\/www.zitac.se\/en\/customer-cases\/\" \/>\n<meta property=\"og:locale\" content=\"en_US\" \/>\n<meta property=\"og:type\" content=\"article\" \/>\n<meta property=\"og:title\" content=\"Customer Cases\" \/>\n<meta property=\"og:description\" content=\"Security Thomas Concrete Group invest in secure IT infrastructure Thomas Concrete Group produces and distributes high-quality ready-mixed concrete to both commercial and private customers in the construction industry. In an industry that you might not associate with IT and technology, Thomas Concrete Group is at the forefront, with major investments in digitization. Read more IT [&hellip;]\" \/>\n<meta property=\"og:url\" content=\"https:\/\/www.zitac.se\/en\/customer-cases\/\" \/>\n<meta property=\"og:site_name\" content=\"Zitac Consulting AB\" \/>\n<meta property=\"article:modified_time\" content=\"2022-11-25T13:56:37+00:00\" \/>\n<meta name=\"twitter:card\" content=\"summary_large_image\" \/>\n<meta name=\"twitter:label1\" content=\"Est. reading time\" \/>\n\t<meta name=\"twitter:data1\" content=\"1 minute\" \/>\n<script type=\"application\/ld+json\" class=\"yoast-schema-graph\">{\"@context\":\"https:\/\/schema.org\",\"@graph\":[{\"@type\":\"WebPage\",\"@id\":\"https:\/\/www.zitac.se\/en\/customer-cases\/\",\"url\":\"https:\/\/www.zitac.se\/en\/customer-cases\/\",\"name\":\"Customer Cases &#8212; Zitac Consulting AB\",\"isPartOf\":{\"@id\":\"https:\/\/www.zitac.se\/#website\"},\"datePublished\":\"2022-11-21T14:25:06+00:00\",\"dateModified\":\"2022-11-25T13:56:37+00:00\",\"breadcrumb\":{\"@id\":\"https:\/\/www.zitac.se\/en\/customer-cases\/#breadcrumb\"},\"inLanguage\":\"en-US\",\"potentialAction\":[{\"@type\":\"ReadAction\",\"target\":[\"https:\/\/www.zitac.se\/en\/customer-cases\/\"]}]},{\"@type\":\"BreadcrumbList\",\"@id\":\"https:\/\/www.zitac.se\/en\/customer-cases\/#breadcrumb\",\"itemListElement\":[{\"@type\":\"ListItem\",\"position\":1,\"name\":\"Home\",\"item\":\"https:\/\/www.zitac.se\/en\/\"},{\"@type\":\"ListItem\",\"position\":2,\"name\":\"Customer Cases\"}]},{\"@type\":\"WebSite\",\"@id\":\"https:\/\/www.zitac.se\/#website\",\"url\":\"https:\/\/www.zitac.se\/\",\"name\":\"Zitac Consulting AB\",\"description\":\"Zitac \u2014 Avancerad IT i framkant\",\"publisher\":{\"@id\":\"https:\/\/www.zitac.se\/#organization\"},\"potentialAction\":[{\"@type\":\"SearchAction\",\"target\":{\"@type\":\"EntryPoint\",\"urlTemplate\":\"https:\/\/www.zitac.se\/?s={search_term_string}\"},\"query-input\":{\"@type\":\"PropertyValueSpecification\",\"valueRequired\":true,\"valueName\":\"search_term_string\"}}],\"inLanguage\":\"en-US\"},{\"@type\":\"Organization\",\"@id\":\"https:\/\/www.zitac.se\/#organization\",\"name\":\"Zitac Consulting\",\"url\":\"https:\/\/www.zitac.se\/\",\"logo\":{\"@type\":\"ImageObject\",\"inLanguage\":\"en-US\",\"@id\":\"https:\/\/www.zitac.se\/#\/schema\/logo\/image\/\",\"url\":\"https:\/\/www.zitac.se\/wp-content\/uploads\/2018\/06\/zitac_pantone7461.png\",\"contentUrl\":\"https:\/\/www.zitac.se\/wp-content\/uploads\/2018\/06\/zitac_pantone7461.png\",\"width\":1664,\"height\":767,\"caption\":\"Zitac Consulting\"},\"image\":{\"@id\":\"https:\/\/www.zitac.se\/#\/schema\/logo\/image\/\"},\"sameAs\":[\"https:\/\/www.instagram.com\/zitacconsulting\/\",\"https:\/\/www.linkedin.com\/company\/zitacconsulting\"]}]}<\/script>\n<!-- \/ Yoast SEO Premium plugin. -->","yoast_head_json":{"title":"Customer Cases &#8212; Zitac Consulting AB","robots":{"index":"index","follow":"follow","max-snippet":"max-snippet:-1","max-image-preview":"max-image-preview:large","max-video-preview":"max-video-preview:-1"},"canonical":"https:\/\/www.zitac.se\/en\/customer-cases\/","og_locale":"en_US","og_type":"article","og_title":"Customer Cases","og_description":"Security Thomas Concrete Group invest in secure IT infrastructure Thomas Concrete Group produces and distributes high-quality ready-mixed concrete to both commercial and private customers in the construction industry. In an industry that you might not associate with IT and technology, Thomas Concrete Group is at the forefront, with major investments in digitization. Read more IT [&hellip;]","og_url":"https:\/\/www.zitac.se\/en\/customer-cases\/","og_site_name":"Zitac Consulting AB","article_modified_time":"2022-11-25T13:56:37+00:00","twitter_card":"summary_large_image","twitter_misc":{"Est. reading time":"1 minute"},"schema":{"@context":"https:\/\/schema.org","@graph":[{"@type":"WebPage","@id":"https:\/\/www.zitac.se\/en\/customer-cases\/","url":"https:\/\/www.zitac.se\/en\/customer-cases\/","name":"Customer Cases &#8212; Zitac Consulting AB","isPartOf":{"@id":"https:\/\/www.zitac.se\/#website"},"datePublished":"2022-11-21T14:25:06+00:00","dateModified":"2022-11-25T13:56:37+00:00","breadcrumb":{"@id":"https:\/\/www.zitac.se\/en\/customer-cases\/#breadcrumb"},"inLanguage":"en-US","potentialAction":[{"@type":"ReadAction","target":["https:\/\/www.zitac.se\/en\/customer-cases\/"]}]},{"@type":"BreadcrumbList","@id":"https:\/\/www.zitac.se\/en\/customer-cases\/#breadcrumb","itemListElement":[{"@type":"ListItem","position":1,"name":"Home","item":"https:\/\/www.zitac.se\/en\/"},{"@type":"ListItem","position":2,"name":"Customer Cases"}]},{"@type":"WebSite","@id":"https:\/\/www.zitac.se\/#website","url":"https:\/\/www.zitac.se\/","name":"Zitac Consulting AB","description":"Zitac \u2014 Avancerad IT i framkant","publisher":{"@id":"https:\/\/www.zitac.se\/#organization"},"potentialAction":[{"@type":"SearchAction","target":{"@type":"EntryPoint","urlTemplate":"https:\/\/www.zitac.se\/?s={search_term_string}"},"query-input":{"@type":"PropertyValueSpecification","valueRequired":true,"valueName":"search_term_string"}}],"inLanguage":"en-US"},{"@type":"Organization","@id":"https:\/\/www.zitac.se\/#organization","name":"Zitac Consulting","url":"https:\/\/www.zitac.se\/","logo":{"@type":"ImageObject","inLanguage":"en-US","@id":"https:\/\/www.zitac.se\/#\/schema\/logo\/image\/","url":"https:\/\/www.zitac.se\/wp-content\/uploads\/2018\/06\/zitac_pantone7461.png","contentUrl":"https:\/\/www.zitac.se\/wp-content\/uploads\/2018\/06\/zitac_pantone7461.png","width":1664,"height":767,"caption":"Zitac Consulting"},"image":{"@id":"https:\/\/www.zitac.se\/#\/schema\/logo\/image\/"},"sameAs":["https:\/\/www.instagram.com\/zitacconsulting\/","https:\/\/www.linkedin.com\/company\/zitacconsulting"]}]}},"_links":{"self":[{"href":"https:\/\/www.zitac.se\/en\/wp-json\/wp\/v2\/pages\/8566","targetHints":{"allow":["GET"]}}],"collection":[{"href":"https:\/\/www.zitac.se\/en\/wp-json\/wp\/v2\/pages"}],"about":[{"href":"https:\/\/www.zitac.se\/en\/wp-json\/wp\/v2\/types\/page"}],"author":[{"embeddable":true,"href":"https:\/\/www.zitac.se\/en\/wp-json\/wp\/v2\/users\/16"}],"replies":[{"embeddable":true,"href":"https:\/\/www.zitac.se\/en\/wp-json\/wp\/v2\/comments?post=8566"}],"version-history":[{"count":0,"href":"https:\/\/www.zitac.se\/en\/wp-json\/wp\/v2\/pages\/8566\/revisions"}],"wp:attachment":[{"href":"https:\/\/www.zitac.se\/en\/wp-json\/wp\/v2\/media?parent=8566"}],"curies":[{"name":"wp","href":"https:\/\/api.w.org\/{rel}","templated":true}]}}